{"id":13,"date":"2022-07-13T02:57:14","date_gmt":"2022-07-13T02:57:14","guid":{"rendered":"https:\/\/vietprinting.com.vn\/?page_id=13"},"modified":"2022-08-12T07:46:21","modified_gmt":"2022-08-12T07:46:21","slug":"home","status":"publish","type":"page","link":"https:\/\/vietprinting.com.vn\/","title":{"rendered":"Trang Ch\u1ee7"},"content":{"rendered":"\t\t<div data-elementor-type=\"wp-page\" data-elementor-id=\"13\" class=\"elementor elementor-13\">\n\t\t\t\t\t\t\t\t\t<section class=\"elementor-section elementor-top-section elementor-element elementor-element-5523736 elementor-section-boxed elementor-section-height-default elementor-section-height-default\" data-id=\"5523736\" data-element_type=\"section\">\n\t\t\t\t\t\t<div class=\"elementor-container elementor-column-gap-default\">\n\t\t\t\t\t<div class=\"elementor-column elementor-col-100 elementor-top-column elementor-element elementor-element-69f12e7\" data-id=\"69f12e7\" data-element_type=\"column\">\n\t\t\t<div class=\"elementor-widget-wrap elementor-element-populated\">\n\t\t\t\t\t\t\t\t<div class=\"elementor-element elementor-element-c442cd1 elementor-widget elementor-widget-heading\" data-id=\"c442cd1\" data-element_type=\"widget\" data-widget_type=\"heading.default\">\n\t\t\t\t<div class=\"elementor-widget-container\">\n\t\t\t<style>\/*! elementor - v3.6.8 - 01-08-2022 *\/\n.elementor-heading-title{padding:0;margin:0;line-height:1}.elementor-widget-heading .elementor-heading-title[class*=elementor-size-]>a{color:inherit;font-size:inherit;line-height:inherit}.elementor-widget-heading .elementor-heading-title.elementor-size-small{font-size:15px}.elementor-widget-heading .elementor-heading-title.elementor-size-medium{font-size:19px}.elementor-widget-heading .elementor-heading-title.elementor-size-large{font-size:29px}.elementor-widget-heading .elementor-heading-title.elementor-size-xl{font-size:39px}.elementor-widget-heading .elementor-heading-title.elementor-size-xxl{font-size:59px}<\/style><h2 class=\"elementor-heading-title elementor-size-default\">C\u00e1c C\u00f4ng Vi\u1ec7c Ch\u00ednh C\u1ee7a Viet Printing<\/h2>\t\t<\/div>\n\t\t\t\t<\/div>\n\t\t\t\t\t<\/div>\n\t\t<\/div>\n\t\t\t\t\t\t\t<\/div>\n\t\t<\/section>\n\t\t\t\t<section class=\"elementor-section elementor-top-section elementor-element elementor-element-c246331 elementor-section-boxed elementor-section-height-default elementor-section-height-default\" data-id=\"c246331\" data-element_type=\"section\">\n\t\t\t\t\t\t<div class=\"elementor-container elementor-column-gap-default\">\n\t\t\t\t\t<div class=\"elementor-column elementor-col-100 elementor-top-column elementor-element elementor-element-6bfb096\" data-id=\"6bfb096\" data-element_type=\"column\">\n\t\t\t<div class=\"elementor-widget-wrap elementor-element-populated\">\n\t\t\t\t\t\t\t\t<div class=\"elementor-element elementor-element-c2f84cd elementor-widget elementor-widget-spacer\" data-id=\"c2f84cd\" data-element_type=\"widget\" data-widget_type=\"spacer.default\">\n\t\t\t\t<div class=\"elementor-widget-container\">\n\t\t\t<style>\/*! elementor - v3.6.8 - 01-08-2022 *\/\n.elementor-column .elementor-spacer-inner{height:var(--spacer-size)}.e-container{--container-widget-width:100%}.e-container>.elementor-widget-spacer{width:var(--container-widget-width,var(--spacer-size));-ms-flex-item-align:stretch;align-self:stretch;-ms-flex-negative:0;flex-shrink:0}.e-container>.elementor-widget-spacer>.elementor-widget-container,.e-container>.elementor-widget-spacer>.elementor-widget-container>.elementor-spacer{height:100%}.e-container>.elementor-widget-spacer>.elementor-widget-container>.elementor-spacer>.elementor-spacer-inner{height:var(--container-widget-height,var(--spacer-size))}<\/style>\t\t<div class=\"elementor-spacer\">\n\t\t\t<div class=\"elementor-spacer-inner\"><\/div>\n\t\t<\/div>\n\t\t\t\t<\/div>\n\t\t\t\t<\/div>\n\t\t\t\t\t<\/div>\n\t\t<\/div>\n\t\t\t\t\t\t\t<\/div>\n\t\t<\/section>\n\t\t\t\t<section class=\"elementor-section elementor-top-section elementor-element elementor-element-3e4a347 elementor-section-boxed elementor-section-height-default elementor-section-height-default\" data-id=\"3e4a347\" data-element_type=\"section\">\n\t\t\t\t\t\t<div class=\"elementor-container elementor-column-gap-default\">\n\t\t\t\t\t<div class=\"elementor-column elementor-col-33 elementor-top-column elementor-element elementor-element-8d1062e\" data-id=\"8d1062e\" data-element_type=\"column\">\n\t\t\t<div class=\"elementor-widget-wrap elementor-element-populated\">\n\t\t\t\t\t\t\t\t<div class=\"elementor-element elementor-element-0154f4e e-transform elementor-widget elementor-widget-image\" data-id=\"0154f4e\" data-element_type=\"widget\" data-settings=\"{&quot;_transform_scale_effect&quot;:{&quot;unit&quot;:&quot;px&quot;,&quot;size&quot;:1,&quot;sizes&quot;:[]},&quot;_transform_scale_effect_tablet&quot;:{&quot;unit&quot;:&quot;px&quot;,&quot;size&quot;:&quot;&quot;,&quot;sizes&quot;:[]},&quot;_transform_scale_effect_mobile&quot;:{&quot;unit&quot;:&quot;px&quot;,&quot;size&quot;:&quot;&quot;,&quot;sizes&quot;:[]}}\" data-widget_type=\"image.default\">\n\t\t\t\t<div class=\"elementor-widget-container\">\n\t\t\t<style>\/*! elementor - v3.6.8 - 01-08-2022 *\/\n.elementor-widget-image{text-align:center}.elementor-widget-image a{display:inline-block}.elementor-widget-image a img[src$=\".svg\"]{width:48px}.elementor-widget-image img{vertical-align:middle;display:inline-block}<\/style>\t\t\t\t\t\t\t\t\t\t\t\t<img loading=\"lazy\" decoding=\"async\" width=\"65\" height=\"65\" src=\"https:\/\/vietprinting.com.vn\/wp-content\/uploads\/2022\/07\/Print-icon.png\" class=\"attachment-thumbnail size-thumbnail\" alt=\"\" \/>\t\t\t\t\t\t\t\t\t\t\t\t\t\t\t<\/div>\n\t\t\t\t<\/div>\n\t\t\t\t<div class=\"elementor-element elementor-element-2e6db37 elementor-widget elementor-widget-heading\" data-id=\"2e6db37\" data-element_type=\"widget\" data-widget_type=\"heading.default\">\n\t\t\t\t<div class=\"elementor-widget-container\">\n\t\t\t<h5 class=\"elementor-heading-title elementor-size-default\">K\u1ef7 Thu\u1eadt In Chuy\u1ec3n Nhi\u1ec7t<\/h5>\t\t<\/div>\n\t\t\t\t<\/div>\n\t\t\t\t<div class=\"elementor-element elementor-element-5eddd69 elementor-widget elementor-widget-text-editor\" data-id=\"5eddd69\" data-element_type=\"widget\" data-widget_type=\"text-editor.default\">\n\t\t\t\t<div class=\"elementor-widget-container\">\n\t\t\t<style>\/*! elementor - v3.6.8 - 01-08-2022 *\/\n.elementor-widget-text-editor.elementor-drop-cap-view-stacked .elementor-drop-cap{background-color:#818a91;color:#fff}.elementor-widget-text-editor.elementor-drop-cap-view-framed .elementor-drop-cap{color:#818a91;border:3px solid;background-color:transparent}.elementor-widget-text-editor:not(.elementor-drop-cap-view-default) .elementor-drop-cap{margin-top:8px}.elementor-widget-text-editor:not(.elementor-drop-cap-view-default) .elementor-drop-cap-letter{width:1em;height:1em}.elementor-widget-text-editor .elementor-drop-cap{float:left;text-align:center;line-height:1;font-size:50px}.elementor-widget-text-editor .elementor-drop-cap-letter{display:inline-block}<\/style>\t\t\t\t<ul style=\"font-size: 18px; text-align: justify;\">\n \t<li>H\u00ecnh \u1ea3nh s\u1eafc n\u00e9t, kh\u00f4ng phai m\u00e0u b\u1edfi t\u00e1c d\u1ee5ng c\u1ee7a m\u00f4i tr\u01b0\u1eddng.<\/li>\n \t<li>B\u1ea3o \u0111\u1ea3m m\u00e0u s\u1eafc in trung th\u1ef1c m\u00e0 kh\u00f4ng c\u00f3 m\u1ed9t c\u00f4ng ngh\u1ec7 n\u00e0o \u0111\u1ea1t t\u1edbi.<\/li>\n \t<li>C\u00f3 th\u1ec3 in \u0111\u01a1n chi\u1ebfc ho\u1eb7c s\u1ed1 l\u01b0\u1ee3ng l\u1edbn.<\/li>\n \t<li>Gi\u00e1 c\u1ea3 c\u1ee7a c\u00f4ng ngh\u1ec7 in chuy\u1ec3n nhi\u1ec7t ph\u00f9 h\u1ee3p h\u01a1n so v\u1edbi c\u00e1c c\u00f4ng ngh\u1ec7 kh\u00e1c, ti\u1ebft ki\u1ec7m chi ph\u00ed v\u00e0 th\u1eddi gian cho qu\u00e1 tr\u00ecnh in \u1ea5n.<\/li>\n<\/ul>\t\t\t\t\t\t<\/div>\n\t\t\t\t<\/div>\n\t\t\t\t\t<\/div>\n\t\t<\/div>\n\t\t\t\t<div class=\"elementor-column elementor-col-33 elementor-top-column elementor-element elementor-element-e20996a\" data-id=\"e20996a\" data-element_type=\"column\">\n\t\t\t<div class=\"elementor-widget-wrap elementor-element-populated\">\n\t\t\t\t\t\t\t\t<div class=\"elementor-element elementor-element-3950ee9 elementor-widget elementor-widget-image\" data-id=\"3950ee9\" data-element_type=\"widget\" data-widget_type=\"image.default\">\n\t\t\t\t<div class=\"elementor-widget-container\">\n\t\t\t\t\t\t\t\t\t\t\t\t\t\t\t<img loading=\"lazy\" decoding=\"async\" width=\"65\" height=\"65\" src=\"https:\/\/vietprinting.com.vn\/wp-content\/uploads\/2022\/07\/Design-icon.png\" class=\"attachment-thumbnail size-thumbnail\" alt=\"\" \/>\t\t\t\t\t\t\t\t\t\t\t\t\t\t\t<\/div>\n\t\t\t\t<\/div>\n\t\t\t\t<div class=\"elementor-element elementor-element-217bde5 elementor-widget elementor-widget-heading\" data-id=\"217bde5\" data-element_type=\"widget\" data-widget_type=\"heading.default\">\n\t\t\t\t<div class=\"elementor-widget-container\">\n\t\t\t<h5 class=\"elementor-heading-title elementor-size-default\">In B\u1ea3ng Hi\u1ec7u, Qu\u1ea3ng C\u00e1o<\/h5>\t\t<\/div>\n\t\t\t\t<\/div>\n\t\t\t\t<div class=\"elementor-element elementor-element-9f9a7ea elementor-widget elementor-widget-text-editor\" data-id=\"9f9a7ea\" data-element_type=\"widget\" data-widget_type=\"text-editor.default\">\n\t\t\t\t<div class=\"elementor-widget-container\">\n\t\t\t\t\t\t\t<ul style=\"font-size: 18px; text-align: justify;\"><li>B\u1ea3ng hi\u1ec7u l\u00e0 m\u1ed9t y\u1ebfu t\u1ed1 h\u1ebft s\u1ee9c quan tr\u1ecdng, l\u00e0 m\u1ed9t h\u00ecnh th\u1ee9c giao ti\u1ebfp c\u1ea7n thi\u1ebft cho t\u1ea5t c\u1ea3 c\u00e1c lo\u1ea1i h\u00ecnh kinh doanh.<\/li><li>M\u1ed9t c\u00f4ng c\u1ee5 c\u1ea7n thi\u1ebft \u0111\u1ec3 c\u00f4ng nh\u1eadn doanh nghi\u1ec7p, qu\u1ea3ng c\u00e1o v\u00e0 x\u00e2y d\u1ef1ng th\u01b0\u01a1ng hi\u1ec7u.<\/li><li>Ch\u00fang t\u00f4i cung c\u1ea5p nhi\u1ec1u lo\u1ea1i b\u1ea3ng hi\u1ec7u trong nh\u00e0 v\u00e0 ngo\u00e0i tr\u1eddi ph\u00f9 h\u1ee3p v\u1edbi ng\u1eafn h\u1ea1n, trung h\u1ea1n v\u00e0 d\u00e0i h\u1ea1n.<\/li><\/ul>\t\t\t\t\t\t<\/div>\n\t\t\t\t<\/div>\n\t\t\t\t\t<\/div>\n\t\t<\/div>\n\t\t\t\t<div class=\"elementor-column elementor-col-33 elementor-top-column elementor-element elementor-element-0769eed\" data-id=\"0769eed\" data-element_type=\"column\">\n\t\t\t<div class=\"elementor-widget-wrap elementor-element-populated\">\n\t\t\t\t\t\t\t\t<div class=\"elementor-element elementor-element-6fae771 elementor-widget elementor-widget-image\" data-id=\"6fae771\" data-element_type=\"widget\" data-widget_type=\"image.default\">\n\t\t\t\t<div class=\"elementor-widget-container\">\n\t\t\t\t\t\t\t\t\t\t\t\t\t\t\t<img loading=\"lazy\" decoding=\"async\" width=\"65\" height=\"65\" src=\"https:\/\/vietprinting.com.vn\/wp-content\/uploads\/2022\/07\/Support-icon.png\" class=\"attachment-thumbnail size-thumbnail\" alt=\"\" \/>\t\t\t\t\t\t\t\t\t\t\t\t\t\t\t<\/div>\n\t\t\t\t<\/div>\n\t\t\t\t<div class=\"elementor-element elementor-element-98b549f elementor-widget elementor-widget-heading\" data-id=\"98b549f\" data-element_type=\"widget\" data-widget_type=\"heading.default\">\n\t\t\t\t<div class=\"elementor-widget-container\">\n\t\t\t<h5 class=\"elementor-heading-title elementor-size-default\">In Bao B\u00ec Gi\u1ea5y, \u1ea4n Ph\u1ea9m<\/h5>\t\t<\/div>\n\t\t\t\t<\/div>\n\t\t\t\t<div class=\"elementor-element elementor-element-575a577 elementor-widget elementor-widget-text-editor\" data-id=\"575a577\" data-element_type=\"widget\" data-widget_type=\"text-editor.default\">\n\t\t\t\t<div class=\"elementor-widget-container\">\n\t\t\t\t\t\t\t<ul style=\"font-size: 18px; text-align: justify;\"><li>T\u00e0i li\u1ec7u ti\u1ebfp th\u1ecb l\u00e0 b\u1ea5t k\u1ef3 s\u1ea3n ph\u1ea9m ho\u1eb7c n\u1ed9i dung n\u00e0o \u0111\u01b0\u1ee3c thi\u1ebft k\u1ebf \u0111\u1ec3 ti\u1ebfp th\u1ecb c\u00f4ng ty ho\u1eb7c c\u00e1c s\u1ea3n ph\u1ea9m v\u00e0 d\u1ecbch v\u1ee5 c\u1ee7a c\u00f4ng ty v\u1edbi kh\u00e1ch h\u00e0ng ti\u1ec1m n\u0103ng.<\/li><li>C\u00e1c t\u00e0i li\u1ec7u in \u0111\u1ec3 ti\u1ebfp th\u1ecb c\u0169ng li\u00ean quan trong c\u00e1c h\u1ed9i ngh\u1ecb l\u1edbn ho\u1eb7c tri\u1ec3n l\u00e3m th\u01b0\u01a1ng m\u1ea1i, n\u01a1i du kh\u00e1ch thu th\u1eadp th\u00f4ng tin t\u1eeb c\u00e1c gian h\u00e0ng m\u00e0 h\u1ecd gh\u00e9 \u0111\u1ebfn th\u0103m.<\/li><\/ul>\t\t\t\t\t\t<\/div>\n\t\t\t\t<\/div>\n\t\t\t\t\t<\/div>\n\t\t<\/div>\n\t\t\t\t\t\t\t<\/div>\n\t\t<\/section>\n\t\t\t\t<section class=\"elementor-section elementor-top-section elementor-element elementor-element-1934e11 elementor-section-boxed elementor-section-height-default elementor-section-height-default\" data-id=\"1934e11\" data-element_type=\"section\">\n\t\t\t\t\t\t<div class=\"elementor-container elementor-column-gap-default\">\n\t\t\t\t\t<div class=\"elementor-column elementor-col-100 elementor-top-column elementor-element elementor-element-05fc6d0\" data-id=\"05fc6d0\" data-element_type=\"column\">\n\t\t\t<div class=\"elementor-widget-wrap elementor-element-populated\">\n\t\t\t\t\t\t\t\t<div class=\"elementor-element elementor-element-63cd2b5 elementor-widget elementor-widget-spacer\" data-id=\"63cd2b5\" data-element_type=\"widget\" data-widget_type=\"spacer.default\">\n\t\t\t\t<div class=\"elementor-widget-container\">\n\t\t\t\t\t<div class=\"elementor-spacer\">\n\t\t\t<div class=\"elementor-spacer-inner\"><\/div>\n\t\t<\/div>\n\t\t\t\t<\/div>\n\t\t\t\t<\/div>\n\t\t\t\t<div class=\"elementor-element elementor-element-87ad6af elementor-widget-divider--view-line_icon elementor-view-default elementor-widget-divider--element-align-center elementor-widget elementor-widget-divider\" data-id=\"87ad6af\" data-element_type=\"widget\" data-widget_type=\"divider.default\">\n\t\t\t\t<div class=\"elementor-widget-container\">\n\t\t\t<style>\/*! elementor - v3.6.8 - 01-08-2022 *\/\n.elementor-widget-divider{--divider-border-style:none;--divider-border-width:1px;--divider-color:#2c2c2c;--divider-icon-size:20px;--divider-element-spacing:10px;--divider-pattern-height:24px;--divider-pattern-size:20px;--divider-pattern-url:none;--divider-pattern-repeat:repeat-x}.elementor-widget-divider .elementor-divider{display:-webkit-box;display:-ms-flexbox;display:flex}.elementor-widget-divider .elementor-divider__text{font-size:15px;line-height:1;max-width:95%}.elementor-widget-divider .elementor-divider__element{margin:0 var(--divider-element-spacing);-ms-flex-negative:0;flex-shrink:0}.elementor-widget-divider .elementor-icon{font-size:var(--divider-icon-size)}.elementor-widget-divider .elementor-divider-separator{display:-webkit-box;display:-ms-flexbox;display:flex;margin:0;direction:ltr}.elementor-widget-divider--view-line_icon .elementor-divider-separator,.elementor-widget-divider--view-line_text .elementor-divider-separator{-webkit-box-align:center;-ms-flex-align:center;align-items:center}.elementor-widget-divider--view-line_icon .elementor-divider-separator:after,.elementor-widget-divider--view-line_icon .elementor-divider-separator:before,.elementor-widget-divider--view-line_text .elementor-divider-separator:after,.elementor-widget-divider--view-line_text .elementor-divider-separator:before{display:block;content:\"\";border-bottom:0;-webkit-box-flex:1;-ms-flex-positive:1;flex-grow:1;border-top:var(--divider-border-width) var(--divider-border-style) var(--divider-color)}.elementor-widget-divider--element-align-left .elementor-divider .elementor-divider-separator>.elementor-divider__svg:first-of-type{-webkit-box-flex:0;-ms-flex-positive:0;flex-grow:0;-ms-flex-negative:100;flex-shrink:100}.elementor-widget-divider--element-align-left .elementor-divider-separator:before{content:none}.elementor-widget-divider--element-align-left .elementor-divider__element{margin-left:0}.elementor-widget-divider--element-align-right .elementor-divider .elementor-divider-separator>.elementor-divider__svg:last-of-type{-webkit-box-flex:0;-ms-flex-positive:0;flex-grow:0;-ms-flex-negative:100;flex-shrink:100}.elementor-widget-divider--element-align-right .elementor-divider-separator:after{content:none}.elementor-widget-divider--element-align-right .elementor-divider__element{margin-right:0}.elementor-widget-divider:not(.elementor-widget-divider--view-line_text):not(.elementor-widget-divider--view-line_icon) .elementor-divider-separator{border-top:var(--divider-border-width) var(--divider-border-style) var(--divider-color)}.elementor-widget-divider--separator-type-pattern{--divider-border-style:none}.elementor-widget-divider--separator-type-pattern.elementor-widget-divider--view-line .elementor-divider-separator,.elementor-widget-divider--separator-type-pattern:not(.elementor-widget-divider--view-line) .elementor-divider-separator:after,.elementor-widget-divider--separator-type-pattern:not(.elementor-widget-divider--view-line) .elementor-divider-separator:before,.elementor-widget-divider--separator-type-pattern:not([class*=elementor-widget-divider--view]) .elementor-divider-separator{width:100%;min-height:var(--divider-pattern-height);-webkit-mask-size:var(--divider-pattern-size) 100%;mask-size:var(--divider-pattern-size) 100%;-webkit-mask-repeat:var(--divider-pattern-repeat);mask-repeat:var(--divider-pattern-repeat);background-color:var(--divider-color);-webkit-mask-image:var(--divider-pattern-url);mask-image:var(--divider-pattern-url)}.elementor-widget-divider--no-spacing{--divider-pattern-size:auto}.elementor-widget-divider--bg-round{--divider-pattern-repeat:round}.rtl .elementor-widget-divider .elementor-divider__text{direction:rtl}.e-container>.elementor-widget-divider{width:var(--container-widget-width,100%);-webkit-box-flex:1;-ms-flex-positive:1;flex-grow:1}<\/style>\t\t<div class=\"elementor-divider\">\n\t\t\t<span class=\"elementor-divider-separator\">\n\t\t\t\t\t\t\t<div class=\"elementor-icon elementor-divider__element\">\n\t\t\t\t\t<i aria-hidden=\"true\" class=\"fas fa-star\"><\/i><\/div>\n\t\t\t\t\t\t<\/span>\n\t\t<\/div>\n\t\t\t\t<\/div>\n\t\t\t\t<\/div>\n\t\t\t\t<div class=\"elementor-element elementor-element-d9e4a2a elementor-widget elementor-widget-spacer\" data-id=\"d9e4a2a\" data-element_type=\"widget\" data-widget_type=\"spacer.default\">\n\t\t\t\t<div class=\"elementor-widget-container\">\n\t\t\t\t\t<div class=\"elementor-spacer\">\n\t\t\t<div class=\"elementor-spacer-inner\"><\/div>\n\t\t<\/div>\n\t\t\t\t<\/div>\n\t\t\t\t<\/div>\n\t\t\t\t\t<\/div>\n\t\t<\/div>\n\t\t\t\t\t\t\t<\/div>\n\t\t<\/section>\n\t\t\t\t<section class=\"elementor-section elementor-top-section elementor-element elementor-element-4111711 elementor-section-boxed elementor-section-height-default elementor-section-height-default\" data-id=\"4111711\" data-element_type=\"section\">\n\t\t\t\t\t\t<div class=\"elementor-container elementor-column-gap-default\">\n\t\t\t\t\t<div class=\"elementor-column elementor-col-100 elementor-top-column elementor-element elementor-element-37a7d1c\" data-id=\"37a7d1c\" data-element_type=\"column\">\n\t\t\t<div class=\"elementor-widget-wrap elementor-element-populated\">\n\t\t\t\t\t\t\t\t<div class=\"elementor-element elementor-element-597ad2b elementor-widget elementor-widget-heading\" data-id=\"597ad2b\" data-element_type=\"widget\" data-widget_type=\"heading.default\">\n\t\t\t\t<div class=\"elementor-widget-container\">\n\t\t\t<h2 class=\"elementor-heading-title elementor-size-default\">V\u1ec1 Ch\u00fang T\u00f4i - Viet Printing<\/h2>\t\t<\/div>\n\t\t\t\t<\/div>\n\t\t\t\t\t<\/div>\n\t\t<\/div>\n\t\t\t\t\t\t\t<\/div>\n\t\t<\/section>\n\t\t\t\t<section class=\"elementor-section elementor-top-section elementor-element elementor-element-6e09680 elementor-section-boxed elementor-section-height-default elementor-section-height-default\" data-id=\"6e09680\" data-element_type=\"section\">\n\t\t\t\t\t\t<div class=\"elementor-container elementor-column-gap-default\">\n\t\t\t\t\t<div class=\"elementor-column elementor-col-50 elementor-top-column elementor-element elementor-element-8468144\" data-id=\"8468144\" data-element_type=\"column\">\n\t\t\t<div class=\"elementor-widget-wrap elementor-element-populated\">\n\t\t\t\t\t\t\t\t<div class=\"elementor-element elementor-element-fe825f5 elementor-widget elementor-widget-text-editor\" data-id=\"fe825f5\" data-element_type=\"widget\" data-widget_type=\"text-editor.default\">\n\t\t\t\t<div class=\"elementor-widget-container\">\n\t\t\t\t\t\t\t<p data-changed=\"false\" data-paragraphid=\"3\"><b>C\u00f4ng ty TNHH Vi\u1ec7t Printing<\/b> l\u00e0 C\u00f4ng ty cung c\u1ea5p c\u00e1c d\u1ecbch v\u1ee5 in \u1ea5n cho th\u1ecb tr\u01b0\u1eddng v\u1ea3i, may m\u1eb7c v\u00e0 th\u1eddi trang nh\u1eefng s\u1ea3n ph\u1ea9m v\u1edbi h\u00ecnh \u1ea3nh s\u1eafc s\u1ea3o, ch\u1ea5t l\u01b0\u1ee3ng \u0111\u1ea1t ti\u00eau chu\u1ea9n xu\u1ea5t kh\u1ea9u chuy\u00ean nghi\u1ec7p. Ch\u00fang t\u00f4i cam k\u1ebft cung c\u1ea5p nh\u1eefng gi\u1ea3i ph\u00e1p v\u00e0 s\u1ea3n ph\u1ea9m ph\u00f9 h\u1ee3p v\u1edbi nhu c\u1ea7u s\u1eed d\u1ee5ng v\u00e0 kh\u1ea3 n\u0103ng t\u00e0i ch\u00ednh c\u1ee7a kh\u00e1ch h\u00e0ng, \u0111\u1ed3ng th\u1eddi b\u1ea3o \u0111\u1ea3m kh\u1ea3 n\u0103ng t\u00edch h\u1ee3p v\u1edbi nh\u1eefng thay \u0111\u1ed5i trong tu\u01a1ng lai.<\/p><p data-changed=\"false\" data-paragraphid=\"3\"><strong>Viet Printing<\/strong> cam k\u1ebft kh\u00f4ng ng\u1eebng ho\u00e0n thi\u1ec7n h\u1ec7 th\u1ed1ng\u00a0 m\u00e1y m\u00f3c s\u1ea3n xu\u1ea5t, v\u1edbi k\u1ef7 thu\u1eadt cao, lu\u00f4n b\u1ed3i d\u01b0\u1ee1ng n\u0103ng l\u1ef1c chuy\u00ean m\u00f4n cho \u0111\u1ed9i ng\u0169 c\u00f4ng nh\u00e2n, nh\u00e2n vi\u00ean nh\u1eb1m \u0111\u00e1p \u1ee9ng \u0111\u01b0\u1ee3c nhu c\u1ea7u ng\u00e0y c\u00e0ng t\u0103ng c\u1ee7a qu\u00ed kh\u00e1ch h\u00e0ng.<\/p>\t\t\t\t\t\t<\/div>\n\t\t\t\t<\/div>\n\t\t\t\t<div class=\"elementor-element elementor-element-6d87588 elementor-button-info elementor-align-justify elementor-widget elementor-widget-button\" data-id=\"6d87588\" data-element_type=\"widget\" data-widget_type=\"button.default\">\n\t\t\t\t<div class=\"elementor-widget-container\">\n\t\t\t\t\t<div class=\"elementor-button-wrapper\">\n\t\t\t<a href=\"https:\/\/vietprinting.com.vn\/index.php\/about-us\/\" class=\"elementor-button-link elementor-button elementor-size-sm\" role=\"button\">\n\t\t\t\t\t\t<span class=\"elementor-button-content-wrapper\">\n\t\t\t\t\t\t<span class=\"elementor-button-text\">\u0110\u1ecdc Th\u00eam<\/span>\n\t\t<\/span>\n\t\t\t\t\t<\/a>\n\t\t<\/div>\n\t\t\t\t<\/div>\n\t\t\t\t<\/div>\n\t\t\t\t\t<\/div>\n\t\t<\/div>\n\t\t\t\t<div class=\"elementor-column elementor-col-50 elementor-top-column elementor-element elementor-element-77b0713\" data-id=\"77b0713\" data-element_type=\"column\">\n\t\t\t<div class=\"elementor-widget-wrap elementor-element-populated\">\n\t\t\t\t\t\t\t\t<div class=\"elementor-element elementor-element-c9a5885 elementor-widget elementor-widget-image\" data-id=\"c9a5885\" data-element_type=\"widget\" data-widget_type=\"image.default\">\n\t\t\t\t<div class=\"elementor-widget-container\">\n\t\t\t\t\t\t\t\t\t\t\t\t\t\t\t<img decoding=\"async\" src=\"https:\/\/vietprinting.com.vn\/wp-content\/uploads\/elementor\/thumbs\/MG_0329-2-scaled-e1657871438949-prsiz10u3q209hj4d6zeqjj4snol2eqyoewveibe00.jpg\" title=\"MG_0329\" alt=\"MG_0329\" \/>\t\t\t\t\t\t\t\t\t\t\t\t\t\t\t<\/div>\n\t\t\t\t<\/div>\n\t\t\t\t\t<\/div>\n\t\t<\/div>\n\t\t\t\t\t\t\t<\/div>\n\t\t<\/section>\n\t\t\t\t\t\t\t<\/div>\n\t\t","protected":false},"excerpt":{"rendered":"<p>C\u00e1c C\u00f4ng Vi\u1ec7c Ch\u00ednh C\u1ee7a Viet Printing K\u1ef7 Thu\u1eadt In Chuy\u1ec3n Nhi\u1ec7t H\u00ecnh \u1ea3nh s\u1eafc n\u00e9t, kh\u00f4ng phai m\u00e0u b\u1edfi t\u00e1c d\u1ee5ng c\u1ee7a m\u00f4i tr\u01b0\u1eddng. B\u1ea3o \u0111\u1ea3m m\u00e0u s\u1eafc in trung th\u1ef1c m\u00e0 kh\u00f4ng c\u00f3 m\u1ed9t c\u00f4ng ngh\u1ec7 n\u00e0o \u0111\u1ea1t t\u1edbi. C\u00f3 th\u1ec3 in \u0111\u01a1n chi\u1ebfc ho\u1eb7c s\u1ed1 l\u01b0\u1ee3ng l\u1edbn. [&hellip;]<\/p>\n","protected":false},"author":1,"featured_media":80,"parent":0,"menu_order":0,"comment_status":"closed","ping_status":"closed","template":"","meta":{"footnotes":""},"class_list":["post-13","page","type-page","status-publish","has-post-thumbnail","hentry"],"_links":{"self":[{"href":"https:\/\/vietprinting.com.vn\/index.php\/wp-json\/wp\/v2\/pages\/13","targetHints":{"allow":["GET"]}}],"collection":[{"href":"https:\/\/vietprinting.com.vn\/index.php\/wp-json\/wp\/v2\/pages"}],"about":[{"href":"https:\/\/vietprinting.com.vn\/index.php\/wp-json\/wp\/v2\/types\/page"}],"author":[{"embeddable":true,"href":"https:\/\/vietprinting.com.vn\/index.php\/wp-json\/wp\/v2\/users\/1"}],"replies":[{"embeddable":true,"href":"https:\/\/vietprinting.com.vn\/index.php\/wp-json\/wp\/v2\/comments?post=13"}],"version-history":[{"count":158,"href":"https:\/\/vietprinting.com.vn\/index.php\/wp-json\/wp\/v2\/pages\/13\/revisions"}],"predecessor-version":[{"id":565,"href":"https:\/\/vietprinting.com.vn\/index.php\/wp-json\/wp\/v2\/pages\/13\/revisions\/565"}],"wp:featuredmedia":[{"embeddable":true,"href":"https:\/\/vietprinting.com.vn\/index.php\/wp-json\/wp\/v2\/media\/80"}],"wp:attachment":[{"href":"https:\/\/vietprinting.com.vn\/index.php\/wp-json\/wp\/v2\/media?parent=13"}],"curies":[{"name":"wp","href":"https:\/\/api.w.org\/{rel}","templated":true}]}}