{"id":2,"date":"2022-07-13T02:52:59","date_gmt":"2022-07-13T02:52:59","guid":{"rendered":"https:\/\/vietprinting.com.vn\/?page_id=2"},"modified":"2022-08-20T08:34:31","modified_gmt":"2022-08-20T08:34:31","slug":"about-us","status":"publish","type":"page","link":"https:\/\/vietprinting.com.vn\/index.php\/about-us\/","title":{"rendered":"V\u1ec1 Ch\u00fang T\u00f4i"},"content":{"rendered":"\t\t<div data-elementor-type=\"wp-page\" data-elementor-id=\"2\" class=\"elementor elementor-2\">\n\t\t\t\t\t\t\t\t\t<section class=\"elementor-section elementor-top-section elementor-element elementor-element-72a08e97 elementor-section-boxed elementor-section-height-default elementor-section-height-default\" data-id=\"72a08e97\" data-element_type=\"section\">\n\t\t\t\t\t\t<div class=\"elementor-container elementor-column-gap-default\">\n\t\t\t\t\t<div class=\"elementor-column elementor-col-100 elementor-top-column elementor-element elementor-element-18f8fe7\" data-id=\"18f8fe7\" data-element_type=\"column\" data-settings=\"{&quot;background_background&quot;:&quot;classic&quot;}\">\n\t\t\t<div class=\"elementor-widget-wrap elementor-element-populated\">\n\t\t\t\t\t\t\t\t<div class=\"elementor-element elementor-element-32badab elementor-widget__width-inherit elementor-fixed elementor-widget elementor-widget-heading\" data-id=\"32badab\" data-element_type=\"widget\" data-settings=\"{&quot;_position&quot;:&quot;fixed&quot;}\" data-widget_type=\"heading.default\">\n\t\t\t\t<div class=\"elementor-widget-container\">\n\t\t\t<style>\/*! elementor - v3.6.8 - 01-08-2022 *\/\n.elementor-heading-title{padding:0;margin:0;line-height:1}.elementor-widget-heading .elementor-heading-title[class*=elementor-size-]>a{color:inherit;font-size:inherit;line-height:inherit}.elementor-widget-heading .elementor-heading-title.elementor-size-small{font-size:15px}.elementor-widget-heading .elementor-heading-title.elementor-size-medium{font-size:19px}.elementor-widget-heading .elementor-heading-title.elementor-size-large{font-size:29px}.elementor-widget-heading .elementor-heading-title.elementor-size-xl{font-size:39px}.elementor-widget-heading .elementor-heading-title.elementor-size-xxl{font-size:59px}<\/style><h2 class=\"elementor-heading-title elementor-size-default\"><br><br><br><br>V\u1ec1 Ch\u00fang T\u00f4i<br><br><br><br><\/h2>\t\t<\/div>\n\t\t\t\t<\/div>\n\t\t\t\t\t<\/div>\n\t\t<\/div>\n\t\t\t\t\t\t\t<\/div>\n\t\t<\/section>\n\t\t\t\t<section class=\"elementor-section elementor-top-section elementor-element elementor-element-1608377 elementor-section-boxed elementor-section-height-default elementor-section-height-default\" data-id=\"1608377\" data-element_type=\"section\">\n\t\t\t\t\t\t<div class=\"elementor-container elementor-column-gap-default\">\n\t\t\t\t\t<div class=\"elementor-column elementor-col-100 elementor-top-column elementor-element elementor-element-70ca180\" data-id=\"70ca180\" data-element_type=\"column\">\n\t\t\t<div class=\"elementor-widget-wrap elementor-element-populated\">\n\t\t\t\t\t\t\t\t<div class=\"elementor-element elementor-element-e36c14c elementor-widget elementor-widget-text-editor\" data-id=\"e36c14c\" data-element_type=\"widget\" data-widget_type=\"text-editor.default\">\n\t\t\t\t<div class=\"elementor-widget-container\">\n\t\t\t<style>\/*! elementor - v3.6.8 - 01-08-2022 *\/\n.elementor-widget-text-editor.elementor-drop-cap-view-stacked .elementor-drop-cap{background-color:#818a91;color:#fff}.elementor-widget-text-editor.elementor-drop-cap-view-framed .elementor-drop-cap{color:#818a91;border:3px solid;background-color:transparent}.elementor-widget-text-editor:not(.elementor-drop-cap-view-default) .elementor-drop-cap{margin-top:8px}.elementor-widget-text-editor:not(.elementor-drop-cap-view-default) .elementor-drop-cap-letter{width:1em;height:1em}.elementor-widget-text-editor .elementor-drop-cap{float:left;text-align:center;line-height:1;font-size:50px}.elementor-widget-text-editor .elementor-drop-cap-letter{display:inline-block}<\/style>\t\t\t\t<div style=\"font-size:18px;\"><p data-changed=\"false\" data-paragraphid=\"3\"><span><b>C\u00f4ng ty TNHH In \u1ea5n Vi\u1ec7t Printing<\/b> xin g\u1eedi l\u1eddi ch\u00fac s\u1ee9c kh\u1ecfe v\u00e0 th\u00e0nh c\u00f4ng \u0111\u1ebfn Qu\u00fd kh\u00e1ch!<\/span><\/p>\n<p data-changed=\"false\" data-paragraphid=\"3\">C\u00f4ng ty ch\u00fang t\u00f4i chuy\u00ean nghi\u1ec7p in tr\u00ean v\u1ea3i b\u1eb1ng c\u00f4ng ngh\u1ec7 in k\u1ef9 thu\u1eadt s\u1ed1 kh\u1ed5 l\u1edbn.<\/p>\n<p data-changed=\"false\" data-paragraphid=\"3\">Ch\u00fang t\u00f4i \u0111\u00e1p \u1ee9ng nh\u1eefng y\u00eau c\u1ea7u c\u1ee7a kh\u00e1ch h\u00e0ng v\u1ec1 s\u1ef1 \u0111a d\u1ea1ng, ph\u1ee9c t\u1ea1p c\u1ee7a m\u00e0u s\u1eafc, h\u00ecnh \u1ea3nh, kh\u00f4ng gi\u1edbi h\u1ea1n \u0111\u1ed9 d\u00e0i v\u00e0 s\u1ed1 l\u01b0\u1ee3ng \u0111\u01a1n h\u00e0ng in. Kh\u00e1ch h\u00e0ng c\u1ee7a ch\u00fang t\u00f4i l\u00e0 nh\u1eefng nh\u00e0 thi\u1ebft k\u1ebf th\u1eddi trang, nh\u1eefng nh\u00e0 t\u1ea1o m\u1eabu hoa v\u0103n \u0111\u1ed9c quy\u1ec1n, nh\u1eefng nh\u00e0 s\u1ea3n xu\u1ea5t h\u00e0ng may m\u1eb7c xu\u1ea5t kh\u1ea9u,..<\/p>\n<p data-changed=\"false\" data-paragraphid=\"3\">V\u1edbi ph\u01b0\u01a1ng ch\u00e2m \u201c<b>Kh\u00e1ch h\u00e0ng l\u00e0 th\u01b0\u1ee3ng \u0111\u1ebf<\/b>\u201d v\u00e0 v\u1edbi s\u1ef1 chuy\u00ean nghi\u1ec7p, t\u1eadn t\u00e2m, uy t\u00edn ch\u00fang t\u00f4i C\u00f4ng ty Vi\u1ec7t Printing cam k\u1ebft s\u1ebd \u0111em l\u1ea1i cho Qu\u00fd kh\u00e1ch h\u00e0ng s\u1ef1 h\u00e0i l\u00f2ng, tin c\u1eady nh\u1ea5t v\u1ec1 ch\u1ea5t l\u01b0\u1ee3ng s\u1ea3n ph\u1ea9m c\u0169ng nh\u01b0 d\u1ecbch v\u1ee5 tr\u01b0\u1edbc v\u00e0 sau b\u00e1n h\u00e0ng.<\/p>\n<p data-changed=\"false\" data-paragraphid=\"3\"><b>C\u00f4ng ty TNHH Vi\u1ec7t Printing<\/b>\u00a0l\u00e0 C\u00f4ng ty cung c\u1ea5p c\u00e1c d\u1ecbch v\u1ee5 in \u1ea5n cho th\u1ecb tr\u01b0\u1eddng v\u1ea3i, may m\u1eb7c v\u00e0 th\u1eddi trang nh\u1eefng s\u1ea3n ph\u1ea9m v\u1edbi h\u00ecnh \u1ea3nh s\u1eafc s\u1ea3o, ch\u1ea5t l\u01b0\u1ee3ng \u0111\u1ea1t ti\u00eau chu\u1ea9n xu\u1ea5t kh\u1ea9u chuy\u00ean nghi\u1ec7p.Ch\u00fang t\u00f4i cam k\u1ebft cung c\u1ea5p nh\u1eefng gi\u1ea3i ph\u00e1p v\u00e0 s\u1ea3n ph\u1ea9m ph\u00f9 h\u1ee3p v\u1edbi nhu c\u1ea7u s\u1eed d\u1ee5ng v\u00e0 kh\u1ea3 n\u0103ng t\u00e0i ch\u00ednh c\u1ee7a kh\u00e1ch h\u00e0ng, \u0111\u1ed3ng th\u1eddi \u0111\u1ea3m b\u1ea3o cho kh\u1ea3 n\u0103ng t\u00edch h\u1ee3p v\u1edbi nh\u1eefng thay \u0111\u1ed5i trong tu\u01a1ng lai.<\/p>\n<p data-changed=\"false\" data-paragraphid=\"3\">Ch\u00fang t\u00f4i cam k\u1ebft kh\u00f4ng ng\u1eebng n\u00e2ng cao tr\u00ecnh \u0111\u1ed9 c\u1ee7a \u0111\u1ed9i ng\u0169 nh\u00e2n vi\u00ean nh\u1eb1m \u0111\u00e1p \u1ee9ng nhu c\u1ea7u ng\u00e0y c\u00e0ng t\u0103ng c\u1ee7a kh\u00e1ch h\u00e0ng.<\/p>\n<p data-changed=\"false\" data-paragraphid=\"3\">Kh\u00e1ch h\u00e0ng c\u1ee7a ch\u00fang t\u00f4i l\u00e0 nh\u1eefng nh\u00e0 thi\u1ebft k\u1ebf th\u1eddi trang, nh\u1eefng nh\u00e0 s\u1ea3n xu\u1ea5t h\u00e0ng may m\u1eb7c xu\u1ea5t kh\u1ea9u trong c\u0169ng nh\u01b0 ngo\u00e0i n\u01b0\u1edbc<\/p>\n<p data-changed=\"false\" data-paragraphid=\"3\">V\u1edbi m\u00e1y m\u00f3c v\u00e0 nguy\u00ean li\u1ec7u nh\u1eadp kh\u1ea9u t\u1eeb H\u00e0n Qu\u1ed1c, Nh\u1eadt B\u1ea3n, ch\u00fang t\u00f4i cung c\u1ea5p d\u1ecbch v\u1ee5 in \u1ea5n cho th\u1ecb tr\u01b0\u1eddng v\u1ea3i, may m\u1eb7c v\u00e0 th\u1eddi trang nh\u1eefng s\u1ea3n ph\u1ea9m v\u1edbi h\u00ecnh \u1ea3nh s\u1eafc s\u1ea3o, ch\u1ea5t l\u01b0\u1ee3ng \u0111\u1ea1t ti\u00eau chu\u1ea9n xu\u1ea5t kh\u1ea9u.<\/p>\n<p data-changed=\"false\" data-paragraphid=\"3\">Ch\u00fang t\u00f4i \u0111\u00e1p \u1ee9ng nh\u1eefng y\u00eau c\u1ea7u c\u1ee7a kh\u00e1ch h\u00e0ng v\u1ec1 s\u1ef1 \u0111a d\u1ea1ng, ph\u1ee9c t\u1ea1p c\u1ee7a m\u00e0u s\u1eafc, h\u00ecnh \u1ea3nh, kh\u00f4ng gi\u1edbi h\u1ea1n \u0111\u1ed9 d\u00e0i v\u00e0 s\u1ed1 l\u01b0\u1ee3ng \u0111\u01a1n h\u00e0ng in. Kh\u00e1ch h\u00e0ng c\u1ee7a ch\u00fang t\u00f4i l\u00e0 nh\u1eefng nh\u00e0 thi\u1ebft k\u1ebf th\u1eddi trang, nh\u1eefng nh\u00e0 t\u1ea1o m\u1eabu hoa v\u0103n \u0111\u1ed9c quy\u1ec1n, nh\u1eefng nh\u00e0 s\u1ea3n xu\u1ea5t h\u00e0ng may m\u1eb7c xu\u1ea5t kh\u1ea9u,..<\/p>\n<p data-changed=\"false\" data-paragraphid=\"3\">B\u00ean c\u1ea1nh \u0111\u00f3, ch\u00fang t\u00f4i in \u1ea5n nh\u1eefng s\u1ea3n ph\u1ea9m kh\u00e1c trong ng\u00e0nh may m\u1eb7c nh\u01b0 \u00e1o thun, \u00e1o t\u1eafm, qu\u1ea7n \u0111i bi\u1ec3n, qu\u1ea7n \u00e1o th\u1ec3 thao,.. ph\u1ee5c v\u1ee5 cho ng\u00e0nh qu\u00e0 t\u1eb7ng qu\u1ea3ng c\u00e1o.<\/p>\n<p data-changed=\"false\" data-paragraphid=\"3\">V\u1edbi ph\u01b0\u01a1ng ch\u00e2m \u201c<b>Chuy\u00ean nghi\u1ec7p \u2013 Uy t\u00edn \u2013 Ch\u1ea5t l\u01b0\u1ee3ng<\/b>\u201c, ch\u1eafc ch\u1eafn ch\u00fang t\u00f4i s\u1ebd l\u00e0m Qu\u00fd kh\u00e1ch h\u00e0i l\u00f2ng.<\/p>\n<p data-changed=\"false\" data-paragraphid=\"3\">K\u00ednh ch\u00fac Qu\u00fd kh\u00e1ch s\u1ee9c kh\u1ecfe v\u00e0 th\u00e0nh c\u00f4ng!<\/p><\/div>\t\t\t\t\t\t<\/div>\n\t\t\t\t<\/div>\n\t\t\t\t\t<\/div>\n\t\t<\/div>\n\t\t\t\t\t\t\t<\/div>\n\t\t<\/section>\n\t\t\t\t<section class=\"elementor-section elementor-top-section elementor-element elementor-element-3d3864e elementor-section-boxed elementor-section-height-default elementor-section-height-default\" data-id=\"3d3864e\" data-element_type=\"section\">\n\t\t\t\t\t\t<div class=\"elementor-container elementor-column-gap-default\">\n\t\t\t\t\t<div class=\"elementor-column elementor-col-100 elementor-top-column elementor-element elementor-element-b458635\" data-id=\"b458635\" data-element_type=\"column\">\n\t\t\t<div class=\"elementor-widget-wrap\">\n\t\t\t\t\t\t\t\t\t<\/div>\n\t\t<\/div>\n\t\t\t\t\t\t\t<\/div>\n\t\t<\/section>\n\t\t\t\t\t\t\t<\/div>\n\t\t","protected":false},"excerpt":{"rendered":"<p>V\u1ec1 Ch\u00fang T\u00f4i C\u00f4ng ty TNHH In \u1ea5n Vi\u1ec7t Printing xin g\u1eedi l\u1eddi ch\u00fac s\u1ee9c kh\u1ecfe v\u00e0 th\u00e0nh c\u00f4ng \u0111\u1ebfn Qu\u00fd kh\u00e1ch! C\u00f4ng ty ch\u00fang t\u00f4i chuy\u00ean nghi\u1ec7p in tr\u00ean v\u1ea3i b\u1eb1ng c\u00f4ng ngh\u1ec7 in k\u1ef9 thu\u1eadt s\u1ed1 kh\u1ed5 l\u1edbn. Ch\u00fang t\u00f4i \u0111\u00e1p \u1ee9ng nh\u1eefng y\u00eau c\u1ea7u c\u1ee7a kh\u00e1ch h\u00e0ng [&hellip;]<\/p>\n","protected":false},"author":1,"featured_media":80,"parent":0,"menu_order":0,"comment_status":"closed","ping_status":"closed","template":"elementor_header_footer","meta":{"footnotes":""},"class_list":["post-2","page","type-page","status-publish","has-post-thumbnail","hentry"],"_links":{"self":[{"href":"https:\/\/vietprinting.com.vn\/index.php\/wp-json\/wp\/v2\/pages\/2","targetHints":{"allow":["GET"]}}],"collection":[{"href":"https:\/\/vietprinting.com.vn\/index.php\/wp-json\/wp\/v2\/pages"}],"about":[{"href":"https:\/\/vietprinting.com.vn\/index.php\/wp-json\/wp\/v2\/types\/page"}],"author":[{"embeddable":true,"href":"https:\/\/vietprinting.com.vn\/index.php\/wp-json\/wp\/v2\/users\/1"}],"replies":[{"embeddable":true,"href":"https:\/\/vietprinting.com.vn\/index.php\/wp-json\/wp\/v2\/comments?post=2"}],"version-history":[{"count":55,"href":"https:\/\/vietprinting.com.vn\/index.php\/wp-json\/wp\/v2\/pages\/2\/revisions"}],"predecessor-version":[{"id":736,"href":"https:\/\/vietprinting.com.vn\/index.php\/wp-json\/wp\/v2\/pages\/2\/revisions\/736"}],"wp:featuredmedia":[{"embeddable":true,"href":"https:\/\/vietprinting.com.vn\/index.php\/wp-json\/wp\/v2\/media\/80"}],"wp:attachment":[{"href":"https:\/\/vietprinting.com.vn\/index.php\/wp-json\/wp\/v2\/media?parent=2"}],"curies":[{"name":"wp","href":"https:\/\/api.w.org\/{rel}","templated":true}]}}